{"id":119,"date":"2011-11-05T06:49:02","date_gmt":"2011-11-05T05:49:02","guid":{"rendered":"http:\/\/philipp-beagles.de\/Wordpress\/?page_id=119"},"modified":"2025-11-20T11:45:54","modified_gmt":"2025-11-20T10:45:54","slug":"links","status":"publish","type":"page","link":"https:\/\/philipp-beagles.de\/?page_id=119","title":{"rendered":"Layla"},"content":{"rendered":"<p>Magic Sunset from SERADA Garden<br \/>\nGeb. am 20.07.2022<br \/>\nVater: Fanta&#8217;s Brand Seattle Slew<br \/>\nMutter: Sweet Courage Nikita<br \/>\n<a href=\"https:\/\/philipp-beagles.de\/\/wp-content\/uploads\/2011\/11\/Magic-Sunset.jpg\"><img loading=\"lazy\" decoding=\"async\" src=\"https:\/\/philipp-beagles.de\/\/wp-content\/uploads\/2011\/11\/Magic-Sunset.jpg\" alt=\"Magic Sunset\" width=\"500\" height=\"331\" class=\"alignleft size-full wp-image-1167\" srcset=\"https:\/\/philipp-beagles.de\/wp-content\/uploads\/2011\/11\/Magic-Sunset.jpg 500w, https:\/\/philipp-beagles.de\/wp-content\/uploads\/2011\/11\/Magic-Sunset-300x198.jpg 300w\" sizes=\"auto, (max-width: 500px) 100vw, 500px\" \/><\/a><br \/>\nHD-A-2<br \/>\nWiderrist 36,0cm<br \/>\nSiegernachzucht<br \/>\nJagdl. Anlagezucht<\/p>\n<p>Clubjugendsieger 2023<br \/>\nLandesjugendsieger Franken 2023<br \/>\nDeutscher-Jugendchampion VDH und BCD<br \/>\nChampion de Jeunes de Luxembourg de Beaut\u00e9<br \/>\nBaden-W\u00fcrttemberg Sieger 2023<br \/>\nAlpensieger 2023<br \/>\nDeutscher Champion VDH<br \/>\nChampion de Luxembourg de Beaut\u00e9<br \/>\nGerman Winner 2024<br \/>\nDeutscher Champion BCD<\/p>\n<p>Beagle Diplom A<br \/>\nBeagle Diplom B<\/p>\n<p><img loading=\"lazy\" decoding=\"async\" class=\"alignnone size-full wp-image-57\" src=\"https:\/\/philipp-beagles.de\/\/wp-content\/uploads\/2011\/11\/pdficon_small.gif\" alt=\"\" width=\"17\" height=\"17\" \/> <a title=\"Stammbaum\" href=\"http:\/\/www.philipp-beagles.de\/pdf\/Stammbaum_Layla.pdf\" target=\"_blank\">Stammbaum<\/a><\/p>\n","protected":false},"excerpt":{"rendered":"<p>Magic Sunset from SERADA Garden Geb. am 20.07.2022 Vater: Fanta&#8217;s Brand Seattle Slew Mutter: Sweet Courage Nikita HD-A-2 Widerrist 36,0cm Siegernachzucht Jagdl. Anlagezucht Clubjugendsieger 2023 Landesjugendsieger Franken 2023 Deutscher-Jugendchampion VDH und BCD Champion de Jeunes de Luxembourg de Beaut\u00e9 Baden-W\u00fcrttemberg Sieger 2023 Alpensieger 2023 Deutscher Champion VDH Champion de Luxembourg de Beaut\u00e9 German Winner 2024 [&hellip;]<\/p>\n","protected":false},"author":1,"featured_media":0,"parent":0,"menu_order":8,"comment_status":"open","ping_status":"open","template":"","meta":{"footnotes":""},"class_list":["post-119","page","type-page","status-publish","hentry"],"_links":{"self":[{"href":"https:\/\/philipp-beagles.de\/index.php?rest_route=\/wp\/v2\/pages\/119","targetHints":{"allow":["GET"]}}],"collection":[{"href":"https:\/\/philipp-beagles.de\/index.php?rest_route=\/wp\/v2\/pages"}],"about":[{"href":"https:\/\/philipp-beagles.de\/index.php?rest_route=\/wp\/v2\/types\/page"}],"author":[{"embeddable":true,"href":"https:\/\/philipp-beagles.de\/index.php?rest_route=\/wp\/v2\/users\/1"}],"replies":[{"embeddable":true,"href":"https:\/\/philipp-beagles.de\/index.php?rest_route=%2Fwp%2Fv2%2Fcomments&post=119"}],"version-history":[{"count":24,"href":"https:\/\/philipp-beagles.de\/index.php?rest_route=\/wp\/v2\/pages\/119\/revisions"}],"predecessor-version":[{"id":1297,"href":"https:\/\/philipp-beagles.de\/index.php?rest_route=\/wp\/v2\/pages\/119\/revisions\/1297"}],"wp:attachment":[{"href":"https:\/\/philipp-beagles.de\/index.php?rest_route=%2Fwp%2Fv2%2Fmedia&parent=119"}],"curies":[{"name":"wp","href":"https:\/\/api.w.org\/{rel}","templated":true}]}}